{"id":7636,"date":"2022-07-07T10:59:30","date_gmt":"2022-07-07T08:59:30","guid":{"rendered":"https:\/\/marina-gardens-boutique.com\/acces-residence\/"},"modified":"2023-05-23T14:58:47","modified_gmt":"2023-05-23T12:58:47","slug":"acces-residence","status":"publish","type":"page","link":"https:\/\/marina-gardens-boutique.com\/fr\/acces-residence\/","title":{"rendered":"Acc\u00e8s r\u00e9sidence"},"content":{"rendered":"<p><div class=\"fusion-bg-parallax\" data-bg-align=\"center center\" data-direction=\"down\" data-mute=\"false\" data-opacity=\"100\" data-velocity=\"-0.3\" data-mobile-enabled=\"false\" data-break_parents=\"0\" data-bg-image=\"https:\/\/marina-gardens-boutique.com\/wp-content\/uploads\/2022\/03\/Senza-titolo-5_Tavola-disegno-1.jpg\" data-bg-repeat=\"false\" ><\/div><div class=\"fusion-fullwidth fullwidth-box fusion-builder-row-1 fusion-flex-container has-pattern-background has-mask-background fusion-parallax-down nonhundred-percent-fullwidth non-hundred-percent-height-scrolling lazyload\" style=\"--awb-border-radius-top-left:0px;--awb-border-radius-top-right:0px;--awb-border-radius-bottom-right:0px;--awb-border-radius-bottom-left:0px;--awb-padding-top:24%;--awb-padding-bottom:0%;--awb-margin-top:0px;--awb-margin-bottom:0%;--awb-background-color:rgba(3,3,3,0);--awb-background-size:cover;--awb-flex-wrap:wrap;\" data-bg=\"https:\/\/marina-gardens-boutique.com\/wp-content\/uploads\/2022\/03\/Senza-titolo-5_Tavola-disegno-1.jpg\" ><div class=\"fusion-builder-row fusion-row fusion-flex-align-items-flex-start fusion-flex-align-content-center fusion-flex-content-wrap\" style=\"max-width:calc( 1200px + 0px );margin-left: calc(-0px \/ 2 );margin-right: calc(-0px \/ 2 );\"><div class=\"fusion-layout-column fusion_builder_column fusion-builder-column-0 fusion_builder_column_3_5 3_5 fusion-flex-column\" style=\"--awb-padding-top:0%;--awb-padding-right:0%;--awb-padding-bottom:4%;--awb-padding-left:0%;--awb-bg-color:rgba(3,3,3,0);--awb-bg-color-hover:rgba(3,3,3,0);--awb-bg-size:cover;--awb-width-large:60%;--awb-margin-top-large:0%;--awb-spacing-right-large:0px;--awb-margin-bottom-large:0px;--awb-spacing-left-large:0px;--awb-width-medium:100%;--awb-order-medium:0;--awb-spacing-right-medium:0px;--awb-spacing-left-medium:0px;--awb-width-small:100%;--awb-order-small:0;--awb-spacing-right-small:0px;--awb-spacing-left-small:0px;\"><div class=\"fusion-column-wrapper fusion-column-has-shadow fusion-flex-justify-content-flex-start fusion-content-layout-column\"><div class=\"fusion-title title fusion-title-1 fusion-sep-none fusion-title-text fusion-title-size-one\" style=\"--awb-text-color:#ffffff;--awb-margin-top:4%;\"><h1 class=\"fusion-title-heading title-heading-left fusion-responsive-typography-calculated\" style=\"margin:0;text-transform:none;--fontSize:60;line-height:1.2;\"><p class=\"p1\"><span class=\"s1\">ACC\u00c8S RESIDENCE<\/span><\/p><\/h1><\/div><\/div><\/div><\/div><\/div><div class=\"fusion-fullwidth fullwidth-box fusion-builder-row-2 fusion-flex-container nonhundred-percent-fullwidth non-hundred-percent-height-scrolling fusion-no-large-visibility\" style=\"--awb-border-radius-top-left:0px;--awb-border-radius-top-right:0px;--awb-border-radius-bottom-right:0px;--awb-border-radius-bottom-left:0px;--awb-flex-wrap:wrap;\" ><div class=\"fusion-builder-row fusion-row fusion-flex-align-items-flex-start fusion-flex-content-wrap\" style=\"max-width:1248px;margin-left: calc(-4% \/ 2 );margin-right: calc(-4% \/ 2 );\"><div class=\"fusion-layout-column fusion_builder_column fusion-builder-column-1 fusion_builder_column_1_1 1_1 fusion-flex-column\" style=\"--awb-bg-size:cover;--awb-width-large:100%;--awb-margin-top-large:0px;--awb-spacing-right-large:1.92%;--awb-margin-bottom-large:4%;--awb-spacing-left-large:1.92%;--awb-width-medium:100%;--awb-order-medium:0;--awb-spacing-right-medium:1.92%;--awb-spacing-left-medium:1.92%;--awb-width-small:100%;--awb-order-small:0;--awb-spacing-right-small:1.92%;--awb-spacing-left-small:1.92%;\"><div class=\"fusion-column-wrapper fusion-column-has-shadow fusion-flex-justify-content-flex-start fusion-content-layout-column\"><\/div><\/div><\/div><\/div><div class=\"fusion-fullwidth fullwidth-box fusion-builder-row-3 fusion-flex-container nonhundred-percent-fullwidth non-hundred-percent-height-scrolling\" style=\"--awb-border-radius-top-left:0px;--awb-border-radius-top-right:0px;--awb-border-radius-bottom-right:0px;--awb-border-radius-bottom-left:0px;--awb-flex-wrap:wrap;\" ><div class=\"fusion-builder-row fusion-row fusion-flex-align-items-center fusion-flex-justify-content-center fusion-flex-content-wrap\" style=\"max-width:1248px;margin-left: calc(-4% \/ 2 );margin-right: calc(-4% \/ 2 );\"><div class=\"fusion-layout-column fusion_builder_column fusion-builder-column-2 fusion_builder_column_1_1 1_1 fusion-flex-column\" style=\"--awb-padding-top:0%;--awb-bg-size:cover;--awb-width-large:100%;--awb-margin-top-large:0%;--awb-spacing-right-large:1.92%;--awb-margin-bottom-large:4%;--awb-spacing-left-large:1.92%;--awb-width-medium:100%;--awb-order-medium:0;--awb-spacing-right-medium:1.92%;--awb-spacing-left-medium:1.92%;--awb-width-small:100%;--awb-order-small:0;--awb-spacing-right-small:1.92%;--awb-spacing-left-small:1.92%;\"><div class=\"fusion-column-wrapper fusion-column-has-shadow fusion-flex-justify-content-flex-start fusion-content-layout-column\"><div class=\"fusion-title title fusion-title-2 fusion-sep-none fusion-title-center fusion-title-text fusion-title-size-two\"><h2 class=\"fusion-title-heading title-heading-center fusion-responsive-typography-calculated\" style=\"margin:0;text-transform:none;--fontSize:55;line-height:1.2;\"><strong><em>Smart Check-in System<\/em>, pour une exp\u00e9rience digitale moderne et s\u00e9curis\u00e9e<\/strong><\/h2><\/div><div class=\"fusion-text fusion-text-1\" style=\"--awb-content-alignment:center;--awb-text-transform:none;\"><div data-canvas-width=\"353.0559999999998\">Gr\u00e2ce \u00e0 notre syst\u00e8me num\u00e9rique s\u00e9curis\u00e9, ne perdez plus de temps \u00e0 effectuer des <em>check-in <\/em>et <em>check-out<\/em> laborieux. Nous vous proposons une exp\u00e9rience <em>sans contact <\/em>et <em>sans cl\u00e9<\/em> qui vous permettra de gagner en autonomie et de profiter de votre s\u00e9jour en toute s\u00e9curit\u00e9.<\/div>\n<\/div><\/div><\/div><div class=\"fusion-layout-column fusion_builder_column fusion-builder-column-3 fusion_builder_column_1_1 1_1 fusion-flex-column\" style=\"--awb-bg-size:cover;--awb-width-large:100%;--awb-margin-top-large:0px;--awb-spacing-right-large:1.92%;--awb-margin-bottom-large:4%;--awb-spacing-left-large:1.92%;--awb-width-medium:100%;--awb-order-medium:0;--awb-spacing-right-medium:1.92%;--awb-spacing-left-medium:1.92%;--awb-width-small:100%;--awb-order-small:0;--awb-spacing-right-small:1.92%;--awb-spacing-left-small:1.92%;\"><div class=\"fusion-column-wrapper fusion-column-has-shadow fusion-flex-justify-content-flex-start fusion-content-layout-column\"><div class=\"fusion-video fusion-youtube\" style=\"--awb-max-width:1920px;--awb-max-height:1080px;--awb-align-self:center;--awb-width:100%;\"><div class=\"video-shortcode\"><div class=\"fluid-width-video-wrapper\" style=\"padding-top:56.25%;\" ><iframe title=\"YouTube video player 1\" src=\"https:\/\/www.youtube.com\/embed\/MOlg53tY6z8?wmode=transparent&autoplay=0\" width=\"1920\" height=\"1080\" allowfullscreen allow=\"autoplay; fullscreen\"><\/iframe><\/div><\/div><\/div><div class=\"fusion-text fusion-text-2\" style=\"--awb-content-alignment:center;--awb-text-transform:none;--awb-margin-top:70px;\"><p style=\"text-align: left;\"><strong>Bienvenue \u00e0 l&rsquo;h\u00f4tel Marina Gardens Boutique &amp; Suites.<\/strong><\/p>\n<p style=\"text-align: left;\">Veuillez trouver ci-dessous les informations pour acc\u00e9der \u00e0 la r\u00e9sidence et \u00e0 votre suite :<\/p>\n<ul style=\"text-align: left;\">\n<li>Apr\u00e8s la r\u00e9servation, vous recevrez deux emails et un SMS<\/li>\n<li>Le premier e-mail contient toutes les informations relatives \u00e0 votre check-in<\/li>\n<li>Le deuxi\u00e8me e-mail et le SMS contiennent la cl\u00e9 num\u00e9rique (code pin) pour acc\u00e9der \u00e0 la r\u00e9sidence et \u00e0 votre suite<\/li>\n<\/ul>\n<p style=\"text-align: left;\">Acc\u00e8s \u00e0 la r\u00e9sidence:<\/p>\n<ul style=\"text-align: left;\">\n<li>Ins\u00e9rez le code PIN dans le Keypad de l&rsquo;entr\u00e9e<\/li>\n<li>Ou via une application utilisable sur le t\u00e9l\u00e9phone (les informations seront donn\u00e9es dans l&rsquo;e-mail)<\/li>\n<\/ul>\n<p style=\"text-align: left;\">Acc\u00e8s aux chambres :<\/p>\n<ul>\n<li style=\"text-align: left;\">Ins\u00e9rez le code PIN sur la tablette multifonctionnelle, qui d\u00e9verrouillera le Keypad<\/li>\n<li style=\"text-align: left;\">Ou ins\u00e9rez le code PIN sur le Keypay (plac\u00e9 sous la tablette)<\/li>\n<li style=\"text-align: left;\">Attendez que la porte se d\u00e9verrouille<\/li>\n<\/ul>\n<\/div><\/div><\/div><\/div><\/div><div id=\"map\" class=\"fusion-container-anchor\"><div class=\"fusion-fullwidth fullwidth-box fusion-builder-row-4 fusion-flex-container nonhundred-percent-fullwidth non-hundred-percent-height-scrolling\" style=\"--awb-border-radius-top-left:0px;--awb-border-radius-top-right:0px;--awb-border-radius-bottom-right:0px;--awb-border-radius-bottom-left:0px;--awb-flex-wrap:wrap;\" ><div class=\"fusion-builder-row fusion-row fusion-flex-align-items-flex-start fusion-flex-content-wrap\" style=\"max-width:1248px;margin-left: calc(-4% \/ 2 );margin-right: calc(-4% \/ 2 );\"><div class=\"fusion-layout-column fusion_builder_column fusion-builder-column-4 fusion_builder_column_1_1 1_1 fusion-flex-column fusion-flex-align-self-center\" style=\"--awb-bg-size:cover;--awb-width-large:100%;--awb-margin-top-large:0px;--awb-spacing-right-large:1.92%;--awb-margin-bottom-large:4%;--awb-spacing-left-large:1.92%;--awb-width-medium:100%;--awb-order-medium:0;--awb-spacing-right-medium:1.92%;--awb-spacing-left-medium:1.92%;--awb-width-small:100%;--awb-order-small:0;--awb-spacing-right-small:1.92%;--awb-spacing-left-small:1.92%;\"><div class=\"fusion-column-wrapper fusion-column-has-shadow fusion-flex-justify-content-center fusion-content-layout-column\"><div class=\"shortcode-map fusion-google-map fusion-maps-embed-type\"><iframe width=\"100%\" height=\"300px\" frameborder=\"0\" style=\"border:0\" src=\"https:\/\/www.google.com\/maps\/embed\/v1\/place?key=AIzaSyBYPzNwHVeSBQoobtVPlGcpoLLW5-D3hX0&language=fr&q=Via+dei+Marrucini,+45,+66023+Francavilla+al+Mare+CH&maptype=roadmap&zoom=14\" allowfullscreen><\/iframe><\/div><div class=\"fusion-separator fusion-full-width-sep\" style=\"align-self: center;margin-left: auto;margin-right: auto;margin-top:4%;width:100%;\"><\/div><\/div><\/div><\/div><\/div><\/div><div class=\"fusion-fullwidth fullwidth-box fusion-builder-row-5 fusion-flex-container nonhundred-percent-fullwidth non-hundred-percent-height-scrolling fusion-no-large-visibility\" style=\"--awb-border-radius-top-left:0px;--awb-border-radius-top-right:0px;--awb-border-radius-bottom-right:0px;--awb-border-radius-bottom-left:0px;--awb-flex-wrap:wrap;\" ><div class=\"fusion-builder-row fusion-row fusion-flex-align-items-flex-start fusion-flex-content-wrap\" style=\"max-width:1248px;margin-left: calc(-4% \/ 2 );margin-right: calc(-4% \/ 2 );\"><div class=\"fusion-layout-column fusion_builder_column fusion-builder-column-5 fusion_builder_column_1_1 1_1 fusion-flex-column\" style=\"--awb-bg-size:cover;--awb-width-large:100%;--awb-margin-top-large:0px;--awb-spacing-right-large:1.92%;--awb-margin-bottom-large:4%;--awb-spacing-left-large:1.92%;--awb-width-medium:100%;--awb-order-medium:0;--awb-spacing-right-medium:1.92%;--awb-spacing-left-medium:1.92%;--awb-width-small:100%;--awb-order-small:0;--awb-spacing-right-small:1.92%;--awb-spacing-left-small:1.92%;\"><div class=\"fusion-column-wrapper fusion-column-has-shadow fusion-flex-justify-content-flex-start fusion-content-layout-column\"><\/div><\/div><\/div><\/div><\/p>\n","protected":false},"excerpt":{"rendered":"","protected":false},"author":20,"featured_media":0,"parent":0,"menu_order":0,"comment_status":"closed","ping_status":"closed","template":"100-width.php","meta":{"footnotes":""},"yoast_head":"<!-- This site is optimized with the Yoast SEO plugin v23.5 - https:\/\/yoast.com\/wordpress\/plugins\/seo\/ -->\n<title>Marina Gardens | Suites contemporaines et urbaines \u00e0 Francavilla al Mare<\/title>\n<meta name=\"description\" content=\"Plongez dans une oasis d&#039;inspiration artistique dans les Abruzzes, un lieu suspendu entre mer et montagne, collines et vignobles, art et histoire.\" \/>\n<meta name=\"robots\" content=\"index, follow, max-snippet:-1, max-image-preview:large, max-video-preview:-1\" \/>\n<link rel=\"canonical\" href=\"https:\/\/marina-gardens-boutique.com\/fr\/acces-residence\/\" \/>\n<meta property=\"og:locale\" content=\"fr_FR\" \/>\n<meta property=\"og:type\" content=\"article\" \/>\n<meta property=\"og:title\" content=\"Marina Gardens | Suites contemporaines et urbaines \u00e0 Francavilla al Mare\" \/>\n<meta property=\"og:description\" content=\"Plongez dans une oasis d&#039;inspiration artistique dans les Abruzzes, un lieu suspendu entre mer et montagne, collines et vignobles, art et histoire.\" \/>\n<meta property=\"og:url\" content=\"https:\/\/marina-gardens-boutique.com\/fr\/acces-residence\/\" \/>\n<meta property=\"og:site_name\" content=\"Marina Gardens\" \/>\n<meta property=\"article:modified_time\" content=\"2023-05-23T12:58:47+00:00\" \/>\n<meta name=\"twitter:card\" content=\"summary_large_image\" \/>\n<meta name=\"twitter:label1\" content=\"Dur\u00e9e de lecture estim\u00e9e\" \/>\n\t<meta name=\"twitter:data1\" content=\"9 minutes\" \/>\n<script type=\"application\/ld+json\" class=\"yoast-schema-graph\">{\"@context\":\"https:\/\/schema.org\",\"@graph\":[{\"@type\":\"WebPage\",\"@id\":\"https:\/\/marina-gardens-boutique.com\/fr\/acces-residence\/\",\"url\":\"https:\/\/marina-gardens-boutique.com\/fr\/acces-residence\/\",\"name\":\"Marina Gardens | Suites contemporaines et urbaines \u00e0 Francavilla al Mare\",\"isPartOf\":{\"@id\":\"https:\/\/marina-gardens-boutique.com\/fr\/#website\"},\"datePublished\":\"2022-07-07T08:59:30+00:00\",\"dateModified\":\"2023-05-23T12:58:47+00:00\",\"description\":\"Plongez dans une oasis d'inspiration artistique dans les Abruzzes, un lieu suspendu entre mer et montagne, collines et vignobles, art et histoire.\",\"breadcrumb\":{\"@id\":\"https:\/\/marina-gardens-boutique.com\/fr\/acces-residence\/#breadcrumb\"},\"inLanguage\":\"fr-FR\",\"potentialAction\":[{\"@type\":\"ReadAction\",\"target\":[\"https:\/\/marina-gardens-boutique.com\/fr\/acces-residence\/\"]}]},{\"@type\":\"BreadcrumbList\",\"@id\":\"https:\/\/marina-gardens-boutique.com\/fr\/acces-residence\/#breadcrumb\",\"itemListElement\":[{\"@type\":\"ListItem\",\"position\":1,\"name\":\"Home\",\"item\":\"https:\/\/marina-gardens-boutique.com\/fr\/\"},{\"@type\":\"ListItem\",\"position\":2,\"name\":\"Acc\u00e8s r\u00e9sidence\"}]},{\"@type\":\"WebSite\",\"@id\":\"https:\/\/marina-gardens-boutique.com\/fr\/#website\",\"url\":\"https:\/\/marina-gardens-boutique.com\/fr\/\",\"name\":\"Marina Gardens Boutique Hotel - Francavilla a mare\",\"description\":\"Boutique &amp; Suites, Francavilla al Mare\",\"publisher\":{\"@id\":\"https:\/\/marina-gardens-boutique.com\/fr\/#organization\"},\"potentialAction\":[{\"@type\":\"SearchAction\",\"target\":{\"@type\":\"EntryPoint\",\"urlTemplate\":\"https:\/\/marina-gardens-boutique.com\/fr\/?s={search_term_string}\"},\"query-input\":{\"@type\":\"PropertyValueSpecification\",\"valueRequired\":true,\"valueName\":\"search_term_string\"}}],\"inLanguage\":\"fr-FR\"},{\"@type\":\"Organization\",\"@id\":\"https:\/\/marina-gardens-boutique.com\/fr\/#organization\",\"name\":\"Marina Gardens\",\"url\":\"https:\/\/marina-gardens-boutique.com\/fr\/\",\"logo\":{\"@type\":\"ImageObject\",\"inLanguage\":\"fr-FR\",\"@id\":\"https:\/\/marina-gardens-boutique.com\/fr\/#\/schema\/logo\/image\/\",\"url\":\"https:\/\/marina-gardens-boutique.com\/wp-content\/uploads\/2022\/03\/marinagardens_Tavola-disegno-1.png\",\"contentUrl\":\"https:\/\/marina-gardens-boutique.com\/wp-content\/uploads\/2022\/03\/marinagardens_Tavola-disegno-1.png\",\"width\":1134,\"height\":1134,\"caption\":\"Marina Gardens\"},\"image\":{\"@id\":\"https:\/\/marina-gardens-boutique.com\/fr\/#\/schema\/logo\/image\/\"},\"sameAs\":[\"https:\/\/www.instagram.com\/marinagardens_boutique\/\"]}]}<\/script>\n<!-- \/ Yoast SEO plugin. -->","yoast_head_json":{"title":"Marina Gardens | Suites contemporaines et urbaines \u00e0 Francavilla al Mare","description":"Plongez dans une oasis d'inspiration artistique dans les Abruzzes, un lieu suspendu entre mer et montagne, collines et vignobles, art et histoire.","robots":{"index":"index","follow":"follow","max-snippet":"max-snippet:-1","max-image-preview":"max-image-preview:large","max-video-preview":"max-video-preview:-1"},"canonical":"https:\/\/marina-gardens-boutique.com\/fr\/acces-residence\/","og_locale":"fr_FR","og_type":"article","og_title":"Marina Gardens | Suites contemporaines et urbaines \u00e0 Francavilla al Mare","og_description":"Plongez dans une oasis d'inspiration artistique dans les Abruzzes, un lieu suspendu entre mer et montagne, collines et vignobles, art et histoire.","og_url":"https:\/\/marina-gardens-boutique.com\/fr\/acces-residence\/","og_site_name":"Marina Gardens","article_modified_time":"2023-05-23T12:58:47+00:00","twitter_card":"summary_large_image","twitter_misc":{"Dur\u00e9e de lecture estim\u00e9e":"9 minutes"},"schema":{"@context":"https:\/\/schema.org","@graph":[{"@type":"WebPage","@id":"https:\/\/marina-gardens-boutique.com\/fr\/acces-residence\/","url":"https:\/\/marina-gardens-boutique.com\/fr\/acces-residence\/","name":"Marina Gardens | Suites contemporaines et urbaines \u00e0 Francavilla al Mare","isPartOf":{"@id":"https:\/\/marina-gardens-boutique.com\/fr\/#website"},"datePublished":"2022-07-07T08:59:30+00:00","dateModified":"2023-05-23T12:58:47+00:00","description":"Plongez dans une oasis d'inspiration artistique dans les Abruzzes, un lieu suspendu entre mer et montagne, collines et vignobles, art et histoire.","breadcrumb":{"@id":"https:\/\/marina-gardens-boutique.com\/fr\/acces-residence\/#breadcrumb"},"inLanguage":"fr-FR","potentialAction":[{"@type":"ReadAction","target":["https:\/\/marina-gardens-boutique.com\/fr\/acces-residence\/"]}]},{"@type":"BreadcrumbList","@id":"https:\/\/marina-gardens-boutique.com\/fr\/acces-residence\/#breadcrumb","itemListElement":[{"@type":"ListItem","position":1,"name":"Home","item":"https:\/\/marina-gardens-boutique.com\/fr\/"},{"@type":"ListItem","position":2,"name":"Acc\u00e8s r\u00e9sidence"}]},{"@type":"WebSite","@id":"https:\/\/marina-gardens-boutique.com\/fr\/#website","url":"https:\/\/marina-gardens-boutique.com\/fr\/","name":"Marina Gardens Boutique Hotel - Francavilla a mare","description":"Boutique &amp; Suites, Francavilla al Mare","publisher":{"@id":"https:\/\/marina-gardens-boutique.com\/fr\/#organization"},"potentialAction":[{"@type":"SearchAction","target":{"@type":"EntryPoint","urlTemplate":"https:\/\/marina-gardens-boutique.com\/fr\/?s={search_term_string}"},"query-input":{"@type":"PropertyValueSpecification","valueRequired":true,"valueName":"search_term_string"}}],"inLanguage":"fr-FR"},{"@type":"Organization","@id":"https:\/\/marina-gardens-boutique.com\/fr\/#organization","name":"Marina Gardens","url":"https:\/\/marina-gardens-boutique.com\/fr\/","logo":{"@type":"ImageObject","inLanguage":"fr-FR","@id":"https:\/\/marina-gardens-boutique.com\/fr\/#\/schema\/logo\/image\/","url":"https:\/\/marina-gardens-boutique.com\/wp-content\/uploads\/2022\/03\/marinagardens_Tavola-disegno-1.png","contentUrl":"https:\/\/marina-gardens-boutique.com\/wp-content\/uploads\/2022\/03\/marinagardens_Tavola-disegno-1.png","width":1134,"height":1134,"caption":"Marina Gardens"},"image":{"@id":"https:\/\/marina-gardens-boutique.com\/fr\/#\/schema\/logo\/image\/"},"sameAs":["https:\/\/www.instagram.com\/marinagardens_boutique\/"]}]}},"_links":{"self":[{"href":"https:\/\/marina-gardens-boutique.com\/fr\/wp-json\/wp\/v2\/pages\/7636"}],"collection":[{"href":"https:\/\/marina-gardens-boutique.com\/fr\/wp-json\/wp\/v2\/pages"}],"about":[{"href":"https:\/\/marina-gardens-boutique.com\/fr\/wp-json\/wp\/v2\/types\/page"}],"author":[{"embeddable":true,"href":"https:\/\/marina-gardens-boutique.com\/fr\/wp-json\/wp\/v2\/users\/20"}],"replies":[{"embeddable":true,"href":"https:\/\/marina-gardens-boutique.com\/fr\/wp-json\/wp\/v2\/comments?post=7636"}],"version-history":[{"count":0,"href":"https:\/\/marina-gardens-boutique.com\/fr\/wp-json\/wp\/v2\/pages\/7636\/revisions"}],"wp:attachment":[{"href":"https:\/\/marina-gardens-boutique.com\/fr\/wp-json\/wp\/v2\/media?parent=7636"}],"curies":[{"name":"wp","href":"https:\/\/api.w.org\/{rel}","templated":true}]}}